{"id":1194,"date":"2021-12-10T12:52:03","date_gmt":"2021-12-10T12:52:03","guid":{"rendered":"https:\/\/web-321.de\/riepeakademie\/?page_id=1194"},"modified":"2021-12-10T12:53:16","modified_gmt":"2021-12-10T12:53:16","slug":"impressum","status":"publish","type":"page","link":"https:\/\/riepe-akademie.de\/?page_id=1194","title":{"rendered":"Impressum"},"content":{"rendered":"<h1>Impressum<\/h1>\n<div>\n<p><strong>Betreiber der Webseite<\/strong><br \/><strong>Riepe Akademie<\/strong><br \/>Thomas Riepe<\/p>\n<p><strong>Anschrift<\/strong><br \/>Trift 8<br \/>59609 Anr\u00f6chte<br \/>Deutschland<\/p>\n<p><strong>Kontakt<\/strong><br \/>Email: <span id=\"cloak154c3cfd2d1b8654927879e49eaac603\"><a href=\"mailto:info@riepehunde.de\">info@riepehunde.de<\/a><\/span><br \/>Telefon: +49 (0)2947 5176<br \/>Fax: +49 (0)2947 569172<\/p>\n<p><strong>Umsatzsteuer-ID<\/strong><br \/>Umsatzsteuer-Identifikationsnummer gem\u00e4\u00df \u00a727a Umsatzsteuergesetz DE197849219<\/p>\n<p><strong>Verantwortlich f\u00fcr den Inhalt nach \u00a7 55 Abs. 2 RStV<\/strong><br \/>Thomas Riepe<br \/>Trift 8<br \/>D &#8211; 59609 Anr\u00f6chte<strong><\/strong><\/p>\n<p><strong>Urheberrecht<\/strong><br \/>Die Inhalte unserer Seiten wurden mit gr\u00f6\u00dfter Sorgfalt erstellt. F\u00fcr die Richtigkeit, Vollst\u00e4ndigkeit und Aktualit\u00e4t der Inhalte k\u00f6nnen wir jedoch keine Gew\u00e4hr \u00fcbernehmen. Als Diensteanbieter sind wir gem\u00e4\u00df \u00a7 7 Abs.1 TMG f\u00fcr eigene Inhalte auf diesen Seiten nach den allgemeinen Gesetzen verantwortlich. Nach \u00a7\u00a7 8 bis 10 TMG sind wir als Diensteanbieter jedoch nicht verpflichtet, \u00fcbermittelte oder gespeicherte fremde Informationen zu \u00fcberwachen oder nach Umst\u00e4nden zu forschen, die auf eine rechtswidrige T\u00e4tigkeit hinweisen. Verpflichtungen zur Entfernung oder Sperrung der Nutzung von Informationen nach den allgemeinen Gesetzen bleiben hiervon unber\u00fchrt. Eine diesbez\u00fcgliche Haftung ist jedoch erst ab dem Zeitpunkt der Kenntnis einer konkreten Rechtsverletzung m\u00f6glich. Bei Bekanntwerden von entsprechenden Rechtsverletzungen werden wir diese Inhalte umgehend entfernen<\/p>\n<\/div>\n<p><!--more--><br \/>\n<!-- {\"type\":\"layout\",\"children\":[{\"type\":\"section\",\"props\":{\"style\":\"default\",\"width\":\"default\",\"vertical_align\":\"middle\",\"title_position\":\"top-left\",\"title_rotation\":\"left\",\"title_breakpoint\":\"xl\",\"image_position\":\"center-center\",\"image\":\"wp-content\\\/uploads\\\/2021\\\/10\\\/bg-riepe-4.jpg\",\"image_size\":\"cover\"},\"children\":[{\"type\":\"row\",\"children\":[{\"type\":\"column\",\"props\":{\"image_position\":\"center-center\",\"media_overlay_gradient\":\"\"},\"children\":[{\"type\":\"headline\",\"props\":{\"title_element\":\"h1\",\"content\":\"Impressum\"}},{\"type\":\"text\",\"props\":{\"margin\":\"default\",\"column_breakpoint\":\"m\",\"content\":\"\n\n<p><strong>Betreiber der Webseite<\\\/strong><br \\\/><strong>Riepe Akademie<\\\/strong><br \\\/>Thomas Riepe<\\\/p>\\n\n\n<p><strong>Anschrift<\\\/strong><br \\\/>Trift 8<br \\\/>59609 Anr\\u00f6chte<br \\\/>Deutschland<\\\/p>\\n\n\n<p><strong>Kontakt<\\\/strong><br \\\/>Email: <span id=\\\"cloak154c3cfd2d1b8654927879e49eaac603\\\"><a href=\\\"mailto:info@riepehunde.de\\\">info@riepehunde.de<\\\/a><\\\/span><br \\\/>Telefon: +49 (0)2947 5176<br \\\/>Fax: +49 (0)2947 569172<\\\/p>\\n\n\n<p><strong>Umsatzsteuer-ID<\\\/strong><br \\\/>Umsatzsteuer-Identifikationsnummer gem\\u00e4\\u00df \\u00a727a Umsatzsteuergesetz DE197849219<\\\/p>\\n\n\n<p><strong>Verantwortlich f\\u00fcr den Inhalt nach \\u00a7 55 Abs. 2 RStV<\\\/strong><br \\\/>Thomas Riepe<br \\\/>Trift 8<br \\\/>D - 59609 Anr\\u00f6chte<strong><\\\/strong><\\\/p>\\n\n\n<p><strong>Urheberrecht<\\\/strong><br \\\/>Die Inhalte unserer Seiten wurden mit gr\\u00f6\\u00dfter Sorgfalt erstellt. F\\u00fcr die Richtigkeit, Vollst\\u00e4ndigkeit und Aktualit\\u00e4t der Inhalte k\\u00f6nnen wir jedoch keine Gew\\u00e4hr \\u00fcbernehmen. Als Diensteanbieter sind wir gem\\u00e4\\u00df \\u00a7 7 Abs.1 TMG f\\u00fcr eigene Inhalte auf diesen Seiten nach den allgemeinen Gesetzen verantwortlich. Nach \\u00a7\\u00a7 8 bis 10 TMG sind wir als Diensteanbieter jedoch nicht verpflichtet, \\u00fcbermittelte oder gespeicherte fremde Informationen zu \\u00fcberwachen oder nach Umst\\u00e4nden zu forschen, die auf eine rechtswidrige T\\u00e4tigkeit hinweisen. Verpflichtungen zur Entfernung oder Sperrung der Nutzung von Informationen nach den allgemeinen Gesetzen bleiben hiervon unber\\u00fchrt. Eine diesbez\\u00fcgliche Haftung ist jedoch erst ab dem Zeitpunkt der Kenntnis einer konkreten Rechtsverletzung m\\u00f6glich. Bei Bekanntwerden von entsprechenden Rechtsverletzungen werden wir diese Inhalte umgehend entfernen<\\\/p>\"}}]}]}]}],\"version\":\"2.6.5\"} --><\/p>\n","protected":false},"excerpt":{"rendered":"<p>Impressum Betreiber der WebseiteRiepe AkademieThomas Riepe AnschriftTrift 859609 Anr\u00f6chteDeutschland KontaktEmail: info@riepehunde.deTelefon: +49 (0)2947 5176Fax: +49 (0)2947 569172 Umsatzsteuer-IDUmsatzsteuer-Identifikationsnummer gem\u00e4\u00df \u00a727a Umsatzsteuergesetz DE197849219 Verantwortlich f\u00fcr den Inhalt nach \u00a7 55 Abs. 2 RStVThomas RiepeTrift 8D &#8211; 59609 Anr\u00f6chte UrheberrechtDie Inhalte unserer Seiten wurden mit gr\u00f6\u00dfter Sorgfalt erstellt. F\u00fcr die Richtigkeit, Vollst\u00e4ndigkeit und Aktualit\u00e4t der Inhalte k\u00f6nnen [&hellip;]<\/p>\n","protected":false},"author":1,"featured_media":0,"parent":0,"menu_order":0,"comment_status":"closed","ping_status":"closed","template":"","meta":{"_acf_changed":false,"footnotes":""},"class_list":["post-1194","page","type-page","status-publish","hentry"],"acf":[],"_links":{"self":[{"href":"https:\/\/riepe-akademie.de\/index.php?rest_route=\/wp\/v2\/pages\/1194","targetHints":{"allow":["GET"]}}],"collection":[{"href":"https:\/\/riepe-akademie.de\/index.php?rest_route=\/wp\/v2\/pages"}],"about":[{"href":"https:\/\/riepe-akademie.de\/index.php?rest_route=\/wp\/v2\/types\/page"}],"author":[{"embeddable":true,"href":"https:\/\/riepe-akademie.de\/index.php?rest_route=\/wp\/v2\/users\/1"}],"replies":[{"embeddable":true,"href":"https:\/\/riepe-akademie.de\/index.php?rest_route=%2Fwp%2Fv2%2Fcomments&post=1194"}],"version-history":[{"count":4,"href":"https:\/\/riepe-akademie.de\/index.php?rest_route=\/wp\/v2\/pages\/1194\/revisions"}],"predecessor-version":[{"id":1198,"href":"https:\/\/riepe-akademie.de\/index.php?rest_route=\/wp\/v2\/pages\/1194\/revisions\/1198"}],"wp:attachment":[{"href":"https:\/\/riepe-akademie.de\/index.php?rest_route=%2Fwp%2Fv2%2Fmedia&parent=1194"}],"curies":[{"name":"wp","href":"https:\/\/api.w.org\/{rel}","templated":true}]}}