{"id":1199,"date":"2021-12-10T12:53:31","date_gmt":"2021-12-10T12:53:31","guid":{"rendered":"https:\/\/web-321.de\/riepeakademie\/?page_id=1199"},"modified":"2022-01-10T08:59:54","modified_gmt":"2022-01-10T08:59:54","slug":"agb","status":"publish","type":"page","link":"https:\/\/riepe-akademie.de\/?page_id=1199","title":{"rendered":"AGB"},"content":{"rendered":"<h1>Allgemeine Gesch\u00e4ftsbedingungen<\/h1>\n<div>\n<p>G\u00fcltig ab 16.03.2017<\/p>\n<p><strong>\u00a7 1 Gegenstand des Vertrages<\/strong><br \/>Gegenstand des Vertrages ist die in der Anmeldung gebuchte Fortbildung der Riepe Akademie. Im Rahmen dieser Ausbildung wird dem Auszubildenden umfangreiches Wissen im Bereich der gebuchten Fortbildung vermittelt.<\/p>\n<p><strong>\u00a7 2 Teilnahmebedingungen<\/strong><br \/>Die Teilnahme an Veranstaltungen der Riepe Akademie erfolgt auf eigene Gefahr.<\/p>\n<p><strong>\u00a7 3 Anmeldung und Bezahlung (Abschluss des Vertrages)<\/strong><br \/>Mit der Anmeldung bietet der Interessent der Riepe Akademie den Abschluss des Vertrages verbindlich an. Die Anmeldung erfolgt schriftlich (oder per Online-Formular) und verbindlich durch den Antragssteller. Ein Vertrag kommt mit der Annahme und Best\u00e4tigung durch die Riepe Akademie zustande und bedarf keiner bestimmten Form. Die Ausbildungsgeb\u00fchren werden wie vereinbart abgerechnet.<\/p>\n<p><strong>\u00a7 4 K\u00fcndigung<\/strong><br \/>Der Vertragspartner kann innerhalb 14 Tage nach Vertragserkl\u00e4rung (Datum der Bewerbung) von diesem ohne Angabe von Gr\u00fcnden zur\u00fccktreten. Die K\u00fcndigung hat schriftlich an Thomas Riepe, Trift 8 in 59609 Anr\u00f6chte zu erfolgen. Es entstehen hierbei keine Kosten (siehe Widerrufsbelehrung am Ende des Vertrages).<br \/>Bei einer K\u00fcndigung zu einem sp\u00e4teren Zeitpunkt entstehen Kosten in H\u00f6he von 30 % des vereinbarten Fortbildungsbetrages, bei K\u00fcndigung nach Fortbildungsbeginn 100 %.<\/p>\n<p><strong>\u00a7 5 Haftung<\/strong><br \/>Die Riepe Akademie haftet nicht f\u00fcr Sch\u00e4den, die von Dritten oder Mitgliedern herbeigef\u00fchrt werden.<\/p>\n<p><strong>\u00a7 6 Gerichtsstand<\/strong><br \/>Gerichtsstand ist Anr\u00f6chte<\/p>\n<p>Riepe Akademie<br \/>c\/o Thomas Riepe<br \/>Trift 8<br \/>59609 Anr\u00f6chte<\/p>\n<h3>Widerrufsbelehrung:<\/h3>\n<p><strong>Widerrufsrecht:<\/strong> <br \/>Als Verbraucher k\u00f6nnen Sie Ihre Vertragserkl\u00e4rung (Eingang der Anmeldung) innerhalb von zwei Wochen ohne Angabe von Gr\u00fcnden in Textform (z. B. Brief, E-Mail) widerrufen. Die Frist beginnt nach Erhalt der Belehrung in Textform, jedoch nicht vor dem Tage des Vertragsschlusses und auch nicht vor Erf\u00fcllung unserer Informationspflichten gem\u00e4\u00df \u00a7 312c Abs. 2 BGB in Verbindung mit \u00a7 1 Abs. 1, 2 und 4 BGB-InfoV sowie unserer Pflichten gem\u00e4\u00df \u00a7 312e Abs. 1 Satz 1 BGB in Verbindung mit \u00a7 3 BGB-InfoV. Zur Wahrung der Widerrufsfrist gen\u00fcgt die rechtzeitige Absendung des Widerrufs. Der Widerruf ist zu richten an:<\/p>\n<p>Riepe Akademie, Thomas Riepe, Trift 8, 59609 Anr\u00f6chte. E-Mail an: <span id=\"cloak191f295388f743c74d0b195701fdbd91\"><a href=\"mailto:thomas.riepe@t-online.de\">thomas.riepe@t-online.de<\/a><\/span><\/p>\n<p><strong>Widerrufsfolgen:<br \/><\/strong>Im Falle eines wirksamen Widerrufs sind die beiderseits empfangenen Leistungen zur\u00fcckzugew\u00e4hren und ggf. gezogene Nutzungen (z. B. Zinsen) herauszugeben. K\u00f6nnen Sie uns die empfangene Leistung ganz oder teilweise nicht oder nur in verschlechtertem Zustand zur\u00fcckgew\u00e4hren, m\u00fcssen Sie uns insoweit ggf. Wertersatz leisten. Verpflichtungen zur Erstattung von Zahlungen m\u00fcssen innerhalb von 30 Tagen erf\u00fcllt werden. Die Frist beginnt f\u00fcr Sie mit der Absendung Ihrer Widerrufserkl\u00e4rung, f\u00fcr uns mit deren Empfang. Besondere Hinweise: Bei einer Dienstleistung erlischt Ihr Widerrufsrecht vorzeitig, wenn Ihr Vertragspartner mit der Ausf\u00fchrung der Dienstleistung mit Ihrer ausdr\u00fccklichen Zustimmung vor Ende der Widerrufsfrist begonnen hat oder Sie diese selbst veranlasst haben.<\/p>\n<p>Ende der Widerrufsbelehrung<\/p>\n<\/div>\n<p><!--more--><br \/>\n<!-- {\"type\":\"layout\",\"children\":[{\"type\":\"section\",\"props\":{\"style\":\"default\",\"width\":\"default\",\"vertical_align\":\"middle\",\"title_position\":\"top-left\",\"title_rotation\":\"left\",\"title_breakpoint\":\"xl\",\"image_position\":\"center-center\",\"image\":\"wp-content\\\/uploads\\\/2021\\\/10\\\/bg-riepe-4.jpg\",\"image_size\":\"cover\"},\"children\":[{\"type\":\"row\",\"children\":[{\"type\":\"column\",\"props\":{\"image_position\":\"center-center\",\"media_overlay_gradient\":\"\"},\"children\":[{\"type\":\"headline\",\"props\":{\"title_element\":\"h1\",\"content\":\"Allgemeine Gesch\\u00e4ftsbedingungen\"}},{\"type\":\"text\",\"props\":{\"margin\":\"default\",\"column_breakpoint\":\"m\",\"content\":\"\n\n<p>G\\u00fcltig ab 16.03.2017<\\\/p>\\n\n\n<p><strong>\\u00a7 1 Gegenstand des Vertrages<\\\/strong><br \\\/>Gegenstand des Vertrages ist die in der Anmeldung gebuchte Fortbildung der Riepe Akademie. Im Rahmen dieser Ausbildung wird dem Auszubildenden umfangreiches Wissen im Bereich der gebuchten Fortbildung vermittelt.<\\\/p>\\n\n\n<p><strong>\\u00a7 2 Teilnahmebedingungen<\\\/strong><br \\\/>Die Teilnahme an Veranstaltungen der Riepe Akademie erfolgt auf eigene Gefahr.<\\\/p>\\n\n\n<p><strong>\\u00a7 3 Anmeldung und Bezahlung (Abschluss des Vertrages)<\\\/strong><br \\\/>Mit der Anmeldung bietet der Interessent der Riepe Akademie den Abschluss des Vertrages verbindlich an. Die Anmeldung erfolgt schriftlich (oder per Online-Formular) und verbindlich durch den Antragssteller. Ein Vertrag kommt mit der Annahme und Best\\u00e4tigung durch die Riepe Akademie zustande und bedarf keiner bestimmten Form. Die Ausbildungsgeb\\u00fchren werden wie vereinbart abgerechnet.<\\\/p>\\n\n\n<p><strong>\\u00a7 4 K\\u00fcndigung<\\\/strong><br \\\/>Der Vertragspartner kann innerhalb 14 Tage nach Vertragserkl\\u00e4rung (Datum der Bewerbung) von diesem ohne Angabe von Gr\\u00fcnden zur\\u00fccktreten. Die K\\u00fcndigung hat schriftlich an Thomas Riepe, Trift 8 in 59609 Anr\\u00f6chte zu erfolgen. Es entstehen hierbei keine Kosten (siehe Widerrufsbelehrung am Ende des Vertrages).<br \\\/>Bei einer K\\u00fcndigung zu einem sp\\u00e4teren Zeitpunkt entstehen Kosten in H\\u00f6he von 30 % des vereinbarten Fortbildungsbetrages, bei K\\u00fcndigung nach Fortbildungsbeginn 100 %.<\\\/p>\\n\n\n<p><strong>\\u00a7 5 Haftung<\\\/strong><br \\\/>Die Riepe Akademie haftet nicht f\\u00fcr Sch\\u00e4den, die von Dritten oder Mitgliedern herbeigef\\u00fchrt werden.<\\\/p>\\n\n\n<p><strong>\\u00a7 6 Gerichtsstand<\\\/strong><br \\\/>Gerichtsstand ist Anr\\u00f6chte<\\\/p>\\n\n\n<p>Riepe Akademie<br \\\/>c\\\/o Thomas Riepe<br \\\/>Trift 8<br \\\/>59609 Anr\\u00f6chte<\\\/p>\\n\n\n<h3>Widerrufsbelehrung:<\\\/h3>\\n\n\n<p><strong>Widerrufsrecht:<\\\/strong> <br \\\/>Als Verbraucher k\\u00f6nnen Sie Ihre Vertragserkl\\u00e4rung (Eingang der Anmeldung) innerhalb von zwei Wochen ohne Angabe von Gr\\u00fcnden in Textform (z. B. Brief, E-Mail) widerrufen. Die Frist beginnt nach Erhalt der Belehrung in Textform, jedoch nicht vor dem Tage des Vertragsschlusses und auch nicht vor Erf\\u00fcllung unserer Informationspflichten gem\\u00e4\\u00df \\u00a7 312c Abs. 2 BGB in Verbindung mit \\u00a7 1 Abs. 1, 2 und 4 BGB-InfoV sowie unserer Pflichten gem\\u00e4\\u00df \\u00a7 312e Abs. 1 Satz 1 BGB in Verbindung mit \\u00a7 3 BGB-InfoV. Zur Wahrung der Widerrufsfrist gen\\u00fcgt die rechtzeitige Absendung des Widerrufs. Der Widerruf ist zu richten an:<\\\/p>\\n\n\n<p>Riepe Akademie, Thomas Riepe, Trift 8, 59609 Anr\\u00f6chte. E-Mail an: <span id=\\\"cloak191f295388f743c74d0b195701fdbd91\\\"><a href=\\\"mailto:thomas.riepe@t-online.de\\\">thomas.riepe@t-online.de<\\\/a><\\\/span><\\\/p>\\n\n\n<p><strong>Widerrufsfolgen:<br \\\/><\\\/strong>Im Falle eines wirksamen Widerrufs sind die beiderseits empfangenen Leistungen zur\\u00fcckzugew\\u00e4hren und ggf. gezogene Nutzungen (z. B. Zinsen) herauszugeben. K\\u00f6nnen Sie uns die empfangene Leistung ganz oder teilweise nicht oder nur in verschlechtertem Zustand zur\\u00fcckgew\\u00e4hren, m\\u00fcssen Sie uns insoweit ggf. Wertersatz leisten. Verpflichtungen zur Erstattung von Zahlungen m\\u00fcssen innerhalb von 30 Tagen erf\\u00fcllt werden. Die Frist beginnt f\\u00fcr Sie mit der Absendung Ihrer Widerrufserkl\\u00e4rung, f\\u00fcr uns mit deren Empfang. Besondere Hinweise: Bei einer Dienstleistung erlischt Ihr Widerrufsrecht vorzeitig, wenn Ihr Vertragspartner mit der Ausf\\u00fchrung der Dienstleistung mit Ihrer ausdr\\u00fccklichen Zustimmung vor Ende der Widerrufsfrist begonnen hat oder Sie diese selbst veranlasst haben.<\\\/p>\\n\n\n<p>Ende der Widerrufsbelehrung<\\\/p>\"}}]}]}]}],\"version\":\"2.6.5\"} --><\/p>\n","protected":false},"excerpt":{"rendered":"<p>Allgemeine Gesch\u00e4ftsbedingungen G\u00fcltig ab 16.03.2017 \u00a7 1 Gegenstand des VertragesGegenstand des Vertrages ist die in der Anmeldung gebuchte Fortbildung der Riepe Akademie. Im Rahmen dieser Ausbildung wird dem Auszubildenden umfangreiches Wissen im Bereich der gebuchten Fortbildung vermittelt. \u00a7 2 TeilnahmebedingungenDie Teilnahme an Veranstaltungen der Riepe Akademie erfolgt auf eigene Gefahr. \u00a7 3 Anmeldung und Bezahlung [&hellip;]<\/p>\n","protected":false},"author":1,"featured_media":0,"parent":0,"menu_order":0,"comment_status":"closed","ping_status":"closed","template":"","meta":{"_acf_changed":false,"footnotes":""},"class_list":["post-1199","page","type-page","status-publish","hentry"],"acf":[],"_links":{"self":[{"href":"https:\/\/riepe-akademie.de\/index.php?rest_route=\/wp\/v2\/pages\/1199","targetHints":{"allow":["GET"]}}],"collection":[{"href":"https:\/\/riepe-akademie.de\/index.php?rest_route=\/wp\/v2\/pages"}],"about":[{"href":"https:\/\/riepe-akademie.de\/index.php?rest_route=\/wp\/v2\/types\/page"}],"author":[{"embeddable":true,"href":"https:\/\/riepe-akademie.de\/index.php?rest_route=\/wp\/v2\/users\/1"}],"replies":[{"embeddable":true,"href":"https:\/\/riepe-akademie.de\/index.php?rest_route=%2Fwp%2Fv2%2Fcomments&post=1199"}],"version-history":[{"count":4,"href":"https:\/\/riepe-akademie.de\/index.php?rest_route=\/wp\/v2\/pages\/1199\/revisions"}],"predecessor-version":[{"id":1227,"href":"https:\/\/riepe-akademie.de\/index.php?rest_route=\/wp\/v2\/pages\/1199\/revisions\/1227"}],"wp:attachment":[{"href":"https:\/\/riepe-akademie.de\/index.php?rest_route=%2Fwp%2Fv2%2Fmedia&parent=1199"}],"curies":[{"name":"wp","href":"https:\/\/api.w.org\/{rel}","templated":true}]}}