{"id":4,"date":"2019-06-20T16:29:20","date_gmt":"2019-06-20T16:29:20","guid":{"rendered":"https:\/\/web-321.de\/riepeakademie\/?p=4"},"modified":"2025-09-26T10:26:58","modified_gmt":"2025-09-26T10:26:58","slug":"home","status":"publish","type":"page","link":"https:\/\/riepe-akademie.de\/","title":{"rendered":"Home"},"content":{"rendered":"<p><img decoding=\"async\" src=\"\/wp-content\/uploads\/2021\/10\/akademie-logo.jpg\" alt=\"\"><\/p>\n<h1>Aus- und Fortbildungen im Bereich <br \/>Hundepsychologie &#038; Hundetraining<br \/>\n<\/h1>\n<hr>\n<div>\n<p>Die Riepe Akademie bietet Ihnen innovative und anerkannte Aus- und Fortbildungen im Bereich Hundepsychologie und Hundetraining.<\/p>\n<p>Unsere seit 2006 sehr erfolgreichen Ausbildungen \u201cHundepsychologie nTR\u201d und \u201eHundetrainer*in nTR\u201c bilden das Grundger\u00fcst unserer Akademie.<br \/>Seit 2016 haben wir zus\u00e4tzlich die Bildungsgemeinschaft Hund im Programm, die in einer einzigartigen Form hochwertige Fortbildungen kosteng\u00fcnstig anbietet.<\/p>\n<p>Die Interessengemeinschaft von Hundepsycholog*innen und Hundetrainer*innen (IGHhH) sowie das moderne Videoportal DOGKWICK, runden unser Programm ab.<\/p>\n<\/div>\n<h2>Links zu aktuellen Angeboten:<\/h2>\n<ul>\n<li>\n<p>        <img decoding=\"async\" src=\"\/wp-content\/uploads\/2021\/10\/trainer-logo.jpg\" alt=\"\"><\/p>\n<p>Online Ausbildung<br \/> (optional mit Praxismodul)<\/p>\n<p><a href=\"https:\/\/riepe-hundetrainer.de\/\"><\/a><\/p>\n<\/li>\n<li>\n<p>        <img decoding=\"async\" src=\"\/wp-content\/uploads\/2021\/10\/psy-ntr-logo.jpg\" alt=\"\"><\/p>\n<p>Online Ausbildung <bR>(optional mit Praxismodul)<\/p>\n<p><a href=\"https:\/\/hundepsychologie-ntr.de\/\"><\/a><\/p>\n<\/li>\n<li>\n<p>        <img decoding=\"async\" src=\"\/wp-content\/uploads\/2021\/10\/bg-hund-logo.jpg\" alt=\"\"><\/p>\n<p>Drei hochwertige Fortbildungen pro Jahr zum Preis von einer Fortbildung<\/p>\n<p><a href=\"https:\/\/bildungsgemeinschaft-hund.de\/\"><\/a><\/p>\n<\/li>\n<\/ul>\n<ul>\n<li>\n<p>        <img decoding=\"async\" src=\"\/wp-content\/uploads\/2025\/05\/14_tage_kurzlehrgang.1742668808.700x580.jpeg\" alt=\"\"><\/p>\n<p>Onlinekurs<br \/>Kognitivismus im Hundetraining<\/p>\n<p><a href=\"https:\/\/hundetrainer-ntr.coachy.net\/lp\/kognitives-hundetraining-2\/\"><\/a><\/p>\n<\/li>\n<li>\n<p>        <img decoding=\"async\" src=\"\/wp-content\/uploads\/2025\/05\/sachkundeuberprufung_hundetrainerin.1741881150.700x396.jpg\" alt=\"\"><\/p>\n<p>Vorbereitung Sachkunde\u00fcberpr\u00fcfung<bR>Fragenkatalog f\u00fcr Hundetrainer*innen<\/p>\n<p><a href=\"https:\/\/hundetrainer-ntr.coachy.net\/lp\/sachkunde-vorbereitung-hundetrainer\/\"><\/a><\/p>\n<\/li>\n<li>\n<p>        <img decoding=\"async\" src=\"\/wp-content\/uploads\/2025\/09\/intensiv-riepe.jpg\" alt=\"\"><\/p>\n<p>Intensivausbildung 9 Monate<\/p>\n<p><a href=\"https:\/\/hundetrainer-ntr.coachy.net\/lp\/hundetrainer-in-ntr-kompakt\/\"><\/a><\/p>\n<\/li>\n<\/ul>\n<div>\n<p>    <script class=\"podigee-podcast-player\" src=\"https:\/\/player.podigee-cdn.net\/podcast-player\/javascripts\/podigee-podcast-player.js\" data-configuration=\"https:\/\/riepes-couch.podigee.io\/embed?context=external\"><\/script>\n<\/div>\n<p><img decoding=\"async\" src=\"\/wp-content\/uploads\/2021\/12\/Hund-Augenfarbe-Kopie.png2_.png\" alt=\"\"><\/p>\n<div>\u00a9 <script> document.currentScript.insertAdjacentHTML('afterend', '<time datetime=\"' + new Date().toJSON() + '\">' + new Intl.DateTimeFormat(document.documentElement.lang, {year: 'numeric'}).format() + '<\/time>'); <\/script> Riepe Akademie. <\/div>\n<ul>\n<li>\n        <a href=\"mailto:info@riepehunde.de\">info@riepehunde.de <\/a>\n    <\/li>\n<li>\n        <a href=\"tel:+4929475176\">(0)2947 5176<\/a>\n    <\/li>\n<\/ul>\n<ul>\n<li>\n        <a href=\"\/index.php?page_id=1194\">Impressum<\/a>\n    <\/li>\n<li>\n        <a href=\"\/index.php?page_id=1204\">Datenschutz<\/a>\n    <\/li>\n<li>\n        <a href=\"\/index.php?page_id=1199\">AGB<\/a>\n    <\/li>\n<\/ul>\n<div>\n<p>Webdesign by <a class=\"uk-link-text\" href=\"https:\/\/makro-media.de\/\">Makro-Media<\/a>.<\/p>\n<\/div>\n<p><!--more--><br \/>\n<!-- {\"name\":\"Home\",\"type\":\"layout\",\"children\":[{\"name\":\"Hero\",\"type\":\"section\",\"props\":{\"animation\":\"slide-left-medium\",\"animation_delay\":false,\"css\":\".el-section{\\n    \\n    \\n   background-image: url(\\\"https:\\\/\\\/riepe-akademie.de\\\/wp-content\\\/uploads\\\/2021\\\/10\\\/bg-riepe-4.jpg\\\") !important;\\n    \\n     background-repeat: no-repeat;\\n  background-size: auto;\\n    \\n}\",\"height\":\"section\",\"height_offset_top\":true,\"image\":\"wp-content\\\/uploads\\\/2021\\\/12\\\/Hund-Augenfarbe-Kopie.png2_.png\",\"image_effect\":\"parallax\",\"image_height\":\"475\",\"image_parallax_bgx\":\"160,170\",\"image_parallax_bgy\":\"40,50\",\"image_parallax_easing\":\"1\",\"image_position\":\"bottom-right\",\"media_visibility\":\"m\",\"padding\":\"small\",\"style\":\"default\",\"title_breakpoint\":\"xl\",\"title_position\":\"top-left\",\"title_rotation\":\"left\",\"vertical_align\":\"\",\"width\":\"\"},\"children\":[{\"type\":\"row\",\"props\":{\"column_gap\":\"large\",\"row_gap\":\"large\",\"width\":\"large\"},\"children\":[{\"type\":\"column\",\"props\":{\"image_position\":\"center-center\",\"position_sticky_breakpoint\":\"m\"},\"children\":[{\"type\":\"image\",\"props\":{\"image\":\"wp-content\\\/uploads\\\/2021\\\/10\\\/akademie-logo.jpg\",\"image_height\":\"200\",\"image_svg_color\":\"emphasis\",\"margin\":\"default\",\"text_align\":\"center\"}},{\"type\":\"headline\",\"props\":{\"block_align\":\"center\",\"content\":\"Aus- und Fortbildungen im Bereich <br \/>Hundepsychologie & Hundetraining \\n\",\"css\":\".el-element{\\n    \\n    \\n    font-weight: 800;\\n    \\n}\\n\\n@media only screen and (max-width: 600px) {\\n  .el-element {\\n    font-size: 26px;\\n  }\\n}\",\"margin_remove_top\":false,\"text_align\":\"center\",\"text_align_breakpoint\":\"m\",\"text_align_fallback\":\"center\",\"title_element\":\"h1\",\"title_style\":\"heading-medium\"}},{\"type\":\"divider\",\"props\":{\"divider_align\":\"center\",\"divider_element\":\"hr\",\"divider_style\":\"small\"}},{\"type\":\"text\",\"props\":{\"block_align\":\"center\",\"block_align_breakpoint\":\"m\",\"block_align_fallback\":\"center\",\"column_breakpoint\":\"m\",\"content\":\"\n\n<p>Die Riepe Akademie bietet Ihnen innovative und anerkannte Aus- und Fortbildungen im Bereich Hundepsychologie und Hundetraining.<\\\/p>\\n\n\n<p>Unsere seit 2006 sehr erfolgreichen Ausbildungen \\u201cHundepsychologie nTR\\u201d und \\u201eHundetrainer*in nTR\\u201c bilden das Grundger\\u00fcst unserer Akademie.<br \\\/>Seit 2016 haben wir zus\\u00e4tzlich die Bildungsgemeinschaft Hund im Programm, die in einer einzigartigen Form hochwertige Fortbildungen kosteng\\u00fcnstig anbietet.<\\\/p>\\n\n\n<p>Die Interessengemeinschaft von Hundepsycholog*innen und Hundetrainer*innen (IGHhH) sowie das moderne Videoportal DOGKWICK, runden unser Programm ab.<\\\/p>\",\"margin\":\"default\",\"text_align\":\"center\",\"text_align_breakpoint\":\"m\",\"text_align_fallback\":\"center\"}}]}]},{\"type\":\"row\",\"props\":{\"width\":\"large\"},\"children\":[{\"type\":\"column\",\"props\":{\"image_position\":\"center-center\",\"position_sticky_breakpoint\":\"m\"},\"children\":[{\"type\":\"headline\",\"props\":{\"content\":\"Links zu aktuellen Angeboten:\",\"css\":\".el-element{\\n    \\n    font-weight: 800;\\n    \\n}\",\"text_align\":\"left\",\"text_align_breakpoint\":\"m\",\"text_align_fallback\":\"center\",\"title_element\":\"h2\"}},{\"type\":\"grid\",\"props\":{\"content_column_breakpoint\":\"m\",\"css\":\".el-item > *{\\n    \\n    box-shadow: 0 10px 20px rgba(0,0,0,0.19), 0 6px 6px rgba(0,0,0,0.23);\\n}\",\"filter_align\":\"left\",\"filter_all\":true,\"filter_grid_breakpoint\":\"m\",\"filter_grid_width\":\"auto\",\"filter_position\":\"top\",\"filter_style\":\"tab\",\"grid_column_gap\":\"small\",\"grid_default\":\"1\",\"grid_medium\":\"3\",\"grid_small\":\"3\",\"icon_width\":80,\"image_align\":\"top\",\"image_grid_breakpoint\":\"m\",\"image_grid_width\":\"1-2\",\"image_svg_color\":\"emphasis\",\"item_animation\":true,\"lightbox_bg_close\":true,\"link_style\":\"default\",\"link_target\":true,\"link_text\":\"\",\"margin\":\"default\",\"meta_align\":\"below-title\",\"meta_element\":\"div\",\"meta_style\":\"text-meta\",\"panel_link\":true,\"panel_link_hover\":\"true\",\"panel_padding\":\"small\",\"panel_style\":\"card-default\",\"parallax_easing\":\"1\",\"show_content\":true,\"show_hover_image\":true,\"show_hover_video\":true,\"show_image\":true,\"show_link\":true,\"show_meta\":true,\"show_title\":true,\"show_video\":true,\"title_align\":\"top\",\"title_element\":\"h3\",\"title_grid_breakpoint\":\"m\",\"title_grid_width\":\"1-2\",\"title_hover_style\":\"reset\"},\"children\":[{\"type\":\"grid_item\",\"props\":{\"image\":\"wp-content\\\/uploads\\\/2021\\\/10\\\/trainer-logo.jpg\",\"link\":\"https:\\\/\\\/riepe-hundetrainer.de\\\/\",\"meta\":\"Online Ausbildung<br \/> (optional mit Praxismodul)\"}},{\"type\":\"grid_item\",\"props\":{\"image\":\"wp-content\\\/uploads\\\/2021\\\/10\\\/psy-ntr-logo.jpg\",\"link\":\"https:\\\/\\\/hundepsychologie-ntr.de\\\/\",\"meta\":\"Online Ausbildung <bR>(optional mit Praxismodul)\"}},{\"type\":\"grid_item\",\"props\":{\"image\":\"wp-content\\\/uploads\\\/2021\\\/10\\\/bg-hund-logo.jpg\",\"link\":\"https:\\\/\\\/bildungsgemeinschaft-hund.de\\\/\",\"meta\":\"Drei hochwertige Fortbildungen pro Jahr zum Preis von einer Fortbildung\"}}]},{\"type\":\"grid\",\"props\":{\"content_column_breakpoint\":\"m\",\"css\":\".el-item > *{\\n    \\n    box-shadow: 0 10px 20px rgba(0,0,0,0.19), 0 6px 6px rgba(0,0,0,0.23);\\n}\",\"filter_align\":\"left\",\"filter_all\":true,\"filter_grid_breakpoint\":\"m\",\"filter_grid_width\":\"auto\",\"filter_position\":\"top\",\"filter_style\":\"tab\",\"grid_column_gap\":\"small\",\"grid_default\":\"1\",\"grid_medium\":\"3\",\"grid_small\":\"3\",\"icon_width\":80,\"image_align\":\"top\",\"image_grid_breakpoint\":\"m\",\"image_grid_width\":\"1-2\",\"image_height\":150,\"image_svg_color\":\"emphasis\",\"item_animation\":true,\"lightbox_bg_close\":true,\"link_style\":\"default\",\"link_target\":true,\"link_text\":\"\",\"margin\":\"default\",\"meta_align\":\"below-title\",\"meta_element\":\"div\",\"meta_style\":\"h5\",\"panel_link\":true,\"panel_link_hover\":\"true\",\"panel_padding\":\"small\",\"panel_style\":\"card-default\",\"parallax_easing\":\"1\",\"show_content\":true,\"show_hover_image\":true,\"show_hover_video\":true,\"show_image\":true,\"show_link\":true,\"show_meta\":true,\"show_title\":true,\"show_video\":true,\"title_align\":\"top\",\"title_element\":\"h3\",\"title_grid_breakpoint\":\"m\",\"title_grid_width\":\"1-2\",\"title_hover_style\":\"reset\"},\"children\":[{\"type\":\"grid_item\",\"props\":{\"image\":\"wp-content\\\/uploads\\\/2025\\\/05\\\/14_tage_kurzlehrgang.1742668808.700x580.jpeg\",\"link\":\"https:\\\/\\\/hundetrainer-ntr.coachy.net\\\/lp\\\/kognitives-hundetraining-2\\\/\",\"meta\":\"Onlinekurs<br \/>Kognitivismus im Hundetraining\"}},{\"type\":\"grid_item\",\"props\":{\"image\":\"wp-content\\\/uploads\\\/2025\\\/05\\\/sachkundeuberprufung_hundetrainerin.1741881150.700x396.jpg\",\"link\":\"https:\\\/\\\/hundetrainer-ntr.coachy.net\\\/lp\\\/sachkunde-vorbereitung-hundetrainer\\\/\",\"meta\":\"Vorbereitung Sachkunde\\u00fcberpr\\u00fcfung<bR>Fragenkatalog f\\u00fcr Hundetrainer*innen\"}},{\"type\":\"grid_item\",\"props\":{\"image\":\"wp-content\\\/uploads\\\/2025\\\/09\\\/intensiv-riepe.jpg\",\"link\":\"https:\\\/\\\/hundetrainer-ntr.coachy.net\\\/lp\\\/hundetrainer-in-ntr-kompakt\\\/\",\"meta\":\"Intensivausbildung 9 Monate\"}}]}]}]},{\"type\":\"row\",\"props\":{\"layout\":\"2-3,1-3\",\"margin\":\"large\",\"width\":\"large\"},\"children\":[{\"type\":\"column\",\"props\":{\"image_position\":\"center-center\",\"position_sticky_breakpoint\":\"m\",\"width_medium\":\"2-3\"},\"children\":[{\"type\":\"html\",\"props\":{\"content\":\"<script class=\\\"podigee-podcast-player\\\" src=\\\"https:\\\/\\\/player.podigee-cdn.net\\\/podcast-player\\\/javascripts\\\/podigee-podcast-player.js\\\" data-configuration=\\\"https:\\\/\\\/riepes-couch.podigee.io\\\/embed?context=external\\\"><\\\/script>\"}}]},{\"type\":\"column\",\"props\":{\"image_position\":\"center-center\",\"position_sticky_breakpoint\":\"m\",\"width_medium\":\"1-3\"}}]},{\"type\":\"row\",\"children\":[{\"type\":\"column\",\"props\":{\"image_position\":\"center-center\",\"position_sticky_breakpoint\":\"m\"},\"children\":[{\"type\":\"image\",\"props\":{\"image\":\"wp-content\\\/uploads\\\/2021\\\/12\\\/Hund-Augenfarbe-Kopie.png2_.png\",\"image_svg_color\":\"emphasis\",\"margin\":\"default\",\"margin_remove_bottom\":true,\"position\":\"relative\",\"position_top\":\"45\",\"visibility\":\"hidden-s\"}}]}]}]},{\"type\":\"section\",\"props\":{\"image_position\":\"center-center\",\"padding\":\"xsmall\",\"padding_remove_bottom\":false,\"padding_remove_top\":false,\"style\":\"secondary\",\"title_breakpoint\":\"xl\",\"title_position\":\"top-left\",\"title_rotation\":\"left\",\"vertical_align\":\"\",\"width\":\"default\"},\"children\":[{\"type\":\"row\",\"props\":{\"layout\":\"1-3,1-3,1-3\",\"margin\":\"default\",\"row_gap\":\"small\"},\"children\":[{\"type\":\"column\",\"props\":{\"image_position\":\"center-center\",\"position_sticky_breakpoint\":\"m\",\"width_medium\":\"1-3\"},\"children\":[{\"type\":\"text\",\"props\":{\"column_breakpoint\":\"m\",\"content\":\"\\u00a9 <script> document.currentScript.insertAdjacentHTML('afterend', '<time datetime=\\\"' + new Date().toJSON() + '\\\">' + new Intl.DateTimeFormat(document.documentElement.lang, {year: 'numeric'}).format() + '<\\\/time>'); <\\\/script> Riepe Akademie. \",\"margin\":\"default\",\"text_align\":\"left\",\"text_align_breakpoint\":\"m\",\"text_align_fallback\":\"center\",\"text_style\":\"small\"}}]},{\"type\":\"column\",\"props\":{\"image_position\":\"center-center\",\"position_sticky_breakpoint\":\"m\",\"width_medium\":\"1-3\"},\"children\":[{\"type\":\"subnav\",\"props\":{\"subnav_style\":\"divider\",\"text_align\":\"center\"},\"children\":[{\"type\":\"subnav_item\",\"props\":{\"content\":\"info@riepehunde.de \",\"link\":\"mailto:info@riepehunde.de\"}},{\"type\":\"subnav_item\",\"props\":{\"content\":\"(0)2947 5176\",\"link\":\"tel:+4929475176\"}}]}]},{\"type\":\"column\",\"props\":{\"image_position\":\"center-center\",\"position_sticky_breakpoint\":\"m\",\"width_medium\":\"1-3\"},\"children\":[{\"type\":\"subnav\",\"props\":{\"text_align\":\"center\"},\"children\":[{\"type\":\"subnav_item\",\"props\":{\"content\":\"Impressum\",\"link\":\"index.php?page_id=1194\",\"link_target\":true}},{\"type\":\"subnav_item\",\"props\":{\"content\":\"Datenschutz\",\"link\":\"index.php?page_id=1204\",\"link_target\":true}},{\"type\":\"subnav_item\",\"props\":{\"content\":\"AGB\",\"link\":\"index.php?page_id=1199\",\"link_target\":true}}]}]}]},{\"type\":\"row\",\"children\":[{\"type\":\"column\",\"props\":{\"image_position\":\"center-center\",\"position_sticky_breakpoint\":\"m\"},\"children\":[{\"type\":\"text\",\"props\":{\"column_breakpoint\":\"m\",\"content\":\"\n\n<p>Webdesign by <a class=\\\"uk-link-text\\\" href=\\\"https:\\\/\\\/makro-media.de\\\/\\\">Makro-Media<\\\/a>.<\\\/p>\",\"margin\":\"default\",\"text_align\":\"center\",\"text_align_breakpoint\":\"s\",\"text_align_fallback\":\"center\",\"text_style\":\"small\"}}]}]}],\"name\":\"copy\",\"modified\":\"2021-10-13T11:04:42.226Z\"}],\"version\":\"4.5.15\"} --><\/p>\n","protected":false},"excerpt":{"rendered":"<p>Aus- und Fortbildungen im Bereich Hundepsychologie &#038; Hundetraining Die Riepe Akademie bietet Ihnen innovative und anerkannte Aus- und Fortbildungen im Bereich Hundepsychologie und Hundetraining. Unsere seit 2006 sehr erfolgreichen Ausbildungen \u201cHundepsychologie nTR\u201d und \u201eHundetrainer*in nTR\u201c bilden das Grundger\u00fcst unserer Akademie.Seit 2016 haben wir zus\u00e4tzlich die Bildungsgemeinschaft Hund im Programm, die in einer einzigartigen Form hochwertige [&hellip;]<\/p>\n","protected":false},"author":1,"featured_media":0,"parent":0,"menu_order":3,"comment_status":"open","ping_status":"open","template":"","meta":{"_acf_changed":false,"footnotes":""},"class_list":["post-4","page","type-page","status-publish","hentry"],"acf":[],"_links":{"self":[{"href":"https:\/\/riepe-akademie.de\/index.php?rest_route=\/wp\/v2\/pages\/4","targetHints":{"allow":["GET"]}}],"collection":[{"href":"https:\/\/riepe-akademie.de\/index.php?rest_route=\/wp\/v2\/pages"}],"about":[{"href":"https:\/\/riepe-akademie.de\/index.php?rest_route=\/wp\/v2\/types\/page"}],"author":[{"embeddable":true,"href":"https:\/\/riepe-akademie.de\/index.php?rest_route=\/wp\/v2\/users\/1"}],"replies":[{"embeddable":true,"href":"https:\/\/riepe-akademie.de\/index.php?rest_route=%2Fwp%2Fv2%2Fcomments&post=4"}],"version-history":[{"count":5,"href":"https:\/\/riepe-akademie.de\/index.php?rest_route=\/wp\/v2\/pages\/4\/revisions"}],"predecessor-version":[{"id":1253,"href":"https:\/\/riepe-akademie.de\/index.php?rest_route=\/wp\/v2\/pages\/4\/revisions\/1253"}],"wp:attachment":[{"href":"https:\/\/riepe-akademie.de\/index.php?rest_route=%2Fwp%2Fv2%2Fmedia&parent=4"}],"curies":[{"name":"wp","href":"https:\/\/api.w.org\/{rel}","templated":true}]}}